{"id":208,"date":"2019-01-14T14:31:38","date_gmt":"2019-01-14T14:31:38","guid":{"rendered":"https:\/\/theissue.fuelthemes.net\/issue-19\/?page_id=208"},"modified":"2024-10-10T08:28:16","modified_gmt":"2024-10-10T08:28:16","slug":"contact","status":"publish","type":"page","link":"https:\/\/taziomagazine.com\/?page_id=208","title":{"rendered":"Contact"},"content":{"rendered":"<div class=\"wpb-content-wrapper\">[vc_row][vc_column][vc_column_text css=&#8221;&#8221;]Contact us to find out more or how we can help you better.<\/p>\n<div id=\"ConnectiveDocSignExtentionInstalled\" data-extension-version=\"1.0.4\"><\/div>\n[\/vc_column_text]\n<div class=\"wpcf7 no-js\" id=\"wpcf7-f920-o1\" lang=\"en-US\" dir=\"ltr\" data-wpcf7-id=\"920\">\n<div class=\"screen-reader-response\"><p role=\"status\" aria-live=\"polite\" aria-atomic=\"true\"><\/p> <ul><\/ul><\/div>\n<form action=\"\/index.php?rest_route=%2Fwp%2Fv2%2Fpages%2F208#wpcf7-f920-o1\" method=\"post\" class=\"wpcf7-form init\" aria-label=\"Contact form\" novalidate=\"novalidate\" data-status=\"init\">\n<fieldset class=\"hidden-fields-container\"><input type=\"hidden\" name=\"_wpcf7\" value=\"920\" \/><input type=\"hidden\" name=\"_wpcf7_version\" value=\"6.1.5\" \/><input type=\"hidden\" name=\"_wpcf7_locale\" value=\"en_US\" \/><input type=\"hidden\" name=\"_wpcf7_unit_tag\" value=\"wpcf7-f920-o1\" \/><input type=\"hidden\" name=\"_wpcf7_container_post\" value=\"0\" \/><input type=\"hidden\" name=\"_wpcf7_posted_data_hash\" value=\"\" \/>\n<\/fieldset>\n<p><label> Your name<br \/>\n<span class=\"wpcf7-form-control-wrap\" data-name=\"your-name\"><input size=\"40\" maxlength=\"400\" class=\"wpcf7-form-control wpcf7-text wpcf7-validates-as-required\" aria-required=\"true\" aria-invalid=\"false\" value=\"\" type=\"text\" name=\"your-name\" \/><\/span> <\/label>\n<\/p>\n<p><label> Your email<br \/>\n<span class=\"wpcf7-form-control-wrap\" data-name=\"your-email\"><input size=\"40\" maxlength=\"400\" class=\"wpcf7-form-control wpcf7-email wpcf7-validates-as-required wpcf7-text wpcf7-validates-as-email\" aria-required=\"true\" aria-invalid=\"false\" value=\"\" type=\"email\" name=\"your-email\" \/><\/span> <\/label>\n<\/p>\n<p><label> Subject<br \/>\n<span class=\"wpcf7-form-control-wrap\" data-name=\"your-subject\"><input size=\"40\" maxlength=\"400\" class=\"wpcf7-form-control wpcf7-text wpcf7-validates-as-required\" aria-required=\"true\" aria-invalid=\"false\" value=\"\" type=\"text\" name=\"your-subject\" \/><\/span> <\/label>\n<\/p>\n<p><label> Your message (optional)<br \/>\n<span class=\"wpcf7-form-control-wrap\" data-name=\"your-message\"><textarea cols=\"40\" rows=\"10\" maxlength=\"2000\" class=\"wpcf7-form-control wpcf7-textarea\" aria-invalid=\"false\" name=\"your-message\"><\/textarea><\/span> <\/label>\n<\/p>\n<p><input class=\"wpcf7-form-control wpcf7-submit has-spinner\" type=\"submit\" value=\"Submit\" \/>\n<\/p><div class=\"wpcf7-response-output\" aria-hidden=\"true\"><\/div>\n<\/form>\n<\/div>\n[\/vc_column][\/vc_row][vc_row content_placement=&#8221;middle&#8221;][vc_column][vc_column_text]\n<h4>Questions about your order?<\/h4>\n[\/vc_column_text]\t<a class=\"btn-text   style3\" href=\"mailto:info@taziomagazine.com\" target=\"_blank\" role=\"button\" title=\"Contact us at info@taziomagazine.com\">\n\t\t\t\t\t\t\t\t\t<strong class=\"circle-btn\"><\/strong><span>Contact us at info@taziomagazine.com<\/span>\n\t\t\t\t<\/a>\n\n\t[vc_column_text]\n<h4>Want to advertise with Tazio?<\/h4>\n<p>Contact Dirk de Jager at <a href=\"mailto:dirk@taziomagazine.com\">dirk@taziomagazine.com<\/a> or +32 485 54 82 64 for more information<\/p>\n[\/vc_column_text][\/vc_column][\/vc_row][vc_row][vc_column][vc_separator color=&#8221;black&#8221; style=&#8221;double&#8221; border_width=&#8221;2&#8243; css_animation=&#8221;bounceInDown&#8221; css=&#8221;.vc_custom_1670317964122{border-radius: 2px !important;}&#8221;][vc_column_text css=&#8221;&#8221;]\n<h1><\/h1>\n<h1>Tazio stockists<\/h1>\n<p>Here is a list with specialized bookshops where you can find Tazio as well. We will update this list regularly.<\/p>\n<h2>USA<\/h2>\n<ul>\n<li><a href=\"https:\/\/www.autobooks-aerobooks.com\/\" target=\"_blank\" rel=\"noreferrer noopener\">Autobooks-Aerobooks<\/a>, 2900 W. Magnolia Blvd, Burbank, CA 91505<\/li>\n<li><a href=\"https:\/\/www.autoconduct.com\/\" target=\"_blank\" rel=\"noreferrer noopener\">Auto Conduct<\/a>, Los Angeles<\/li>\n<li><a href=\"https:\/\/pasteiners.com\/\" target=\"_blank\" rel=\"noopener\">Pasteiners<\/a>, 33202 Woodward Ave, Birmingham, MI<\/li>\n<li><a href=\"https:\/\/www.barnesandnoble.com\/\">Barnes &amp; Noble<\/a>, selected stores<\/li>\n<\/ul>\n<h2>Germany<\/h2>\n<ul>\n<li><a href=\"https:\/\/www.rallyandracing.com\/en\/racingwebshop\/books\/others\/?p=1\">McKlein Store<\/a><\/li>\n<li><a href=\"https:\/\/www.nationalesautomuseum.de\/en\">Nationales Automuseum &#8211; The Loh Collection<\/a>, Museumstrasse 1, 35716 Dietzh\u00f6lztal<\/li>\n<li><a href=\"https:\/\/doettinger-hoehe.de\/\">Tankstelle D\u00f6ttinger H\u00f6he<\/a>, An der B258, 53520 D\u00f6ttinger H\u00f6he (N\u00fcrburgring)<\/li>\n<\/ul>\n<h2>United Kingdom<\/h2>\n<ul>\n<li><a href=\"https:\/\/www.magazineheaven.com\/\">Magazine Heaven<\/a>, Terrace A, Unit A1B, Rushden Lakes Shopping Park, Rushden, Northants, NN10 6FS<\/li>\n<li><a href=\"https:\/\/store.magalleria.co.uk\/\">Magalleria<\/a>, 5 Upper Borough Walls, Bath BA1 1RG<\/li>\n<\/ul>\n<ul>\n<li><a title=\"Hortons books\" href=\"https:\/\/www.hortonsbooks.co.uk\/\" target=\"_blank\" rel=\"noreferrer noopener\">Hortons books<\/a> (online and at selected events)<\/li>\n<li><a href=\"https:\/\/www.whsmith.co.uk\/\">WH Smith Travel Centres<\/a> (selected locations)<\/li>\n<\/ul>\n<h2>Portugal<\/h2>\n<ul>\n<li><a title=\"Ascari\" href=\"https:\/\/www.ascari.pt\/\" target=\"_blank\" rel=\"noreferrer noopener\">Ascari<\/a>, Rua da Constitui\u00e7\u00e3o 267, 4200-198 Porto<\/li>\n<\/ul>\n<h2>France<\/h2>\n<ul>\n<li><a href=\"https:\/\/www.librairie-passionautomobile.com\/\" target=\"_blank\" rel=\"noreferrer noopener\">Librairie Passion Automobile<\/a>, 83 rue de Rennes, 75006 Paris<\/li>\n<li><a href=\"https:\/\/www.motors-mania.com\/\" target=\"_blank\" rel=\"noreferrer noopener\">Motors Mania<\/a>, 28 rue Henri IV, 64000 Pau (on appointment only)<\/li>\n<\/ul>\n<h2>Italy<\/h2>\n<ul>\n<li><a href=\"https:\/\/www.gilena.it\/\" target=\"_blank\" rel=\"noreferrer noopener\">Gilena<\/a>, Viale Venezia 74, 25123 Brescia<\/li>\n<\/ul>\n<h2>The Netherlands<\/h2>\n<ul>\n<li><a href=\"https:\/\/www.autodokumentatie.nl\/\" target=\"_blank\" rel=\"noreferrer noopener\">Frenky Autodokumentatie<\/a><\/li>\n<\/ul>\n<h2>Belgium<\/h2>\n<ul>\n<li><a href=\"https:\/\/www.autoworld.be\/en\/\" target=\"_blank\" rel=\"noreferrer noopener\">Autoworld<\/a> museum shop, Parc du Cinquantenaire\/Jubelpark, 1050 Brussels<\/li>\n<\/ul>\n<h2>Czech Republic<\/h2>\n<ul>\n<li><a href=\"https:\/\/racelife.cz\/\" target=\"_blank\" rel=\"noreferrer noopener\">Racelife<\/a>, Iounskych 1, Praha 4, 14000<\/li>\n<\/ul>\n<div id=\"ConnectiveDocSignExtentionInstalled\" data-extension-version=\"1.0.4\"><\/div>\n[\/vc_column_text][\/vc_column][\/vc_row][vc_row][vc_column][vc_column_text]\n[\/vc_column_text][\/vc_column][\/vc_row][vc_row][vc_column][vc_column_text]\n[\/vc_column_text][\/vc_column][\/vc_row][vc_row][vc_column][vc_column_text]\n[\/vc_column_text][\/vc_column][\/vc_row][vc_row][vc_column][vc_column_text]\n<div id=\"ConnectiveDocSignExtentionInstalled\" data-extension-version=\"1.0.4\"><\/div>\n[\/vc_column_text][\/vc_column][\/vc_row][vc_row][vc_column][vc_column_text]\n<div id=\"ConnectiveDocSignExtentionInstalled\" data-extension-version=\"1.0.4\"><\/div>\n[\/vc_column_text][\/vc_column][\/vc_row][vc_row][vc_column][vc_column_text]\n<div id=\"ConnectiveDocSignExtentionInstalled\" data-extension-version=\"1.0.4\"><\/div>\n<div id=\"ConnectiveDocSignExtentionInstalled\" data-extension-version=\"1.0.4\"><\/div>\n[\/vc_column_text][\/vc_column][\/vc_row][vc_row][vc_column][vc_column_text]\n<div id=\"ConnectiveDocSignExtentionInstalled\" data-extension-version=\"1.0.4\"><\/div>\n[\/vc_column_text][\/vc_column][\/vc_row][vc_row][vc_column][vc_column_text]\n<div id=\"ConnectiveDocSignExtentionInstalled\" data-extension-version=\"1.0.4\"><\/div>\n[\/vc_column_text][\/vc_column][\/vc_row][vc_row][vc_column][vc_column_text]\n<div id=\"ConnectiveDocSignExtentionInstalled\" data-extension-version=\"1.0.4\"><\/div>\n[\/vc_column_text][\/vc_column][\/vc_row][vc_row][vc_column][vc_column_text]\n<div id=\"ConnectiveDocSignExtentionInstalled\" data-extension-version=\"1.0.4\"><\/div>\n[\/vc_column_text][\/vc_column][\/vc_row][vc_row][vc_column][vc_column_text]\n<div id=\"ConnectiveDocSignExtentionInstalled\" data-extension-version=\"1.0.4\"><\/div>\n[\/vc_column_text][\/vc_column][\/vc_row]\n<\/div>","protected":false},"excerpt":{"rendered":"<p>[vc_row][vc_column][vc_column_text css=&#8221;&#8221;]Contact us to find out more or how we can help you better. [\/vc_column_text][\/vc_column][\/vc_row][vc_row content_placement=&#8221;middle&#8221;][vc_column][vc_column_text] Questions about your order? [\/vc_column_text][vc_column_text] Want to advertise with Tazio? Contact Dirk de Jager at dirk@taziomagazine.com or +32 485 54 82 64 for more information [\/vc_column_text][\/vc_column][\/vc_row][vc_row][vc_column][vc_separator color=&#8221;black&#8221; style=&#8221;double&#8221; border_width=&#8221;2&#8243; css_animation=&#8221;bounceInDown&#8221; css=&#8221;.vc_custom_1670317964122{border-radius: 2px !important;}&#8221;][vc_column_text css=&#8221;&#8221;] Tazio stockists Here is a&hellip;<\/p>\n","protected":false},"author":1,"featured_media":0,"parent":0,"menu_order":0,"comment_status":"closed","ping_status":"closed","template":"","meta":{"om_disable_all_campaigns":false,"_monsterinsights_skip_tracking":false,"_monsterinsights_sitenote_active":false,"_monsterinsights_sitenote_note":"","_monsterinsights_sitenote_category":0,"footnotes":""},"class_list":["post-208","page","type-page","status-publish","hentry"],"aioseo_notices":[],"jetpack_sharing_enabled":true,"_links":{"self":[{"href":"https:\/\/taziomagazine.com\/index.php?rest_route=\/wp\/v2\/pages\/208","targetHints":{"allow":["GET"]}}],"collection":[{"href":"https:\/\/taziomagazine.com\/index.php?rest_route=\/wp\/v2\/pages"}],"about":[{"href":"https:\/\/taziomagazine.com\/index.php?rest_route=\/wp\/v2\/types\/page"}],"author":[{"embeddable":true,"href":"https:\/\/taziomagazine.com\/index.php?rest_route=\/wp\/v2\/users\/1"}],"replies":[{"embeddable":true,"href":"https:\/\/taziomagazine.com\/index.php?rest_route=%2Fwp%2Fv2%2Fcomments&post=208"}],"version-history":[{"count":23,"href":"https:\/\/taziomagazine.com\/index.php?rest_route=\/wp\/v2\/pages\/208\/revisions"}],"predecessor-version":[{"id":12857,"href":"https:\/\/taziomagazine.com\/index.php?rest_route=\/wp\/v2\/pages\/208\/revisions\/12857"}],"wp:attachment":[{"href":"https:\/\/taziomagazine.com\/index.php?rest_route=%2Fwp%2Fv2%2Fmedia&parent=208"}],"curies":[{"name":"wp","href":"https:\/\/api.w.org\/{rel}","templated":true}]}}